{"id":103871,"date":"2024-12-20T17:29:04","date_gmt":"2024-12-20T17:29:04","guid":{"rendered":"https:\/\/www.wpdirectorykit.com\/nexproperty\/?page_id=103871"},"modified":"2026-01-22T14:17:39","modified_gmt":"2026-01-22T12:17:39","slug":"kontakti","status":"publish","type":"page","link":"https:\/\/pastorats.lv\/?page_id=103871","title":{"rendered":"Kontakti"},"content":{"rendered":"\t\t<div data-elementor-type=\"wp-page\" data-elementor-id=\"103871\" class=\"elementor elementor-103871\">\n\t\t\t\t\t\t<section class=\"elementor-section elementor-top-section elementor-element elementor-element-fd6a4eb elementor-section-boxed elementor-section-height-default elementor-section-height-default\" data-id=\"fd6a4eb\" data-element_type=\"section\" data-e-type=\"section\">\n\t\t\t\t\t\t<div class=\"elementor-container elementor-column-gap-default\">\n\t\t\t\t\t<div class=\"elementor-column elementor-col-50 elementor-top-column elementor-element elementor-element-4ab2f2b\" data-id=\"4ab2f2b\" data-element_type=\"column\" data-e-type=\"column\">\n\t\t\t<div class=\"elementor-widget-wrap elementor-element-populated\">\n\t\t\t\t\t\t<div class=\"elementor-element elementor-element-92555a4 elementor-widget elementor-widget-eli-logo\" data-id=\"92555a4\" data-element_type=\"widget\" data-e-type=\"widget\" data-widget_type=\"eli-logo.default\">\n\t\t\t\t<div class=\"elementor-widget-container\">\n\t\t\t\t\t<div class=\"widget-eli eli-logo\" id=\"eli_153441700\">\r\n    <div class=\"eli_container\">\r\n                    <a href=\"https:\/\/pastorats.lv\/\"  class=\"custom-logo-link\">\r\n                <img decoding=\"async\" src=\"https:\/\/pastorats.lv\/wp-content\/uploads\/2026\/01\/Pastorats_Logo-2.png\" alt=\"Pastor\u0101ts\">\r\n            <\/a>\r\n            <\/div>\r\n<\/div>\t\t\t\t<\/div>\n\t\t\t\t<\/div>\n\t\t\t\t\t<\/div>\n\t\t<\/div>\n\t\t\t\t<div class=\"elementor-column elementor-col-50 elementor-top-column elementor-element elementor-element-91031a9\" data-id=\"91031a9\" data-element_type=\"column\" data-e-type=\"column\">\n\t\t\t<div class=\"elementor-widget-wrap elementor-element-populated\">\n\t\t\t\t\t\t<div class=\"elementor-element elementor-element-3119546 elementor-widget-mobile__width-auto elementor-widget-tablet__width-auto wl-nav-menu--indicator-classic wl-nav-menu--dropdown-tablet wl-nav-menu__text-align-aside wl-nav-menu--toggle wl-nav-menu--burger elementor-widget elementor-widget-eli-menu\" data-id=\"3119546\" data-element_type=\"widget\" data-e-type=\"widget\" data-settings=\"{&quot;layout&quot;:&quot;horizontal&quot;,&quot;toggle&quot;:&quot;burger&quot;}\" data-widget_type=\"eli-menu.default\">\n\t\t\t\t<div class=\"elementor-widget-container\">\n\t\t\t\t\t\r\n        <div class=\"widget-eli elementinvader-addons-for-elementor eli-menu elementor-clickable\" id=\"eli_51483974\">\r\n    <div class=\"eli-container\">\r\n        <div class=\"wl_nav_mask\"><\/div>\r\n                    <nav role=\"navigation\" class=\"wl-nav-menu--main wl-nav-menu__container wl-nav-menu--layout-horizontal\"><div class=\"menu-menu-golden-container\"><ul id=\"menu-1-3119546\" class=\"wl-nav-menu wl-nav-menu\"><li class=\"menu-item menu-item-type-post_type menu-item-object-page menu-item-home menu-item-103164\"><a href=\"https:\/\/pastorats.lv\/\" class=\"wl-item\">S\u0101kums<\/a><\/li>\n<li class=\"menu-item menu-item-type-post_type menu-item-object-page menu-item-1033625\"><a href=\"https:\/\/pastorats.lv\/?page_id=1032811\" class=\"wl-item\">Pied\u0101v\u0101jumu p\u0101rl\u016bks<\/a><\/li>\n<li class=\"menu-item menu-item-type-post_type menu-item-object-page menu-item-1033520\"><a href=\"https:\/\/pastorats.lv\/?page_id=1033512\" class=\"wl-item\">Par mums<\/a><\/li>\n<li class=\"menu-item menu-item-type-post_type menu-item-object-page menu-item-103893\"><a href=\"https:\/\/pastorats.lv\/?page_id=103871\" class=\"wl-item\">Kontakti<\/a><\/li>\n<\/ul><\/div><\/nav>\r\n                    <div class=\"wl-menu-toggle\" role=\"button\" aria-label=\"Menu Toggle\" aria-expanded=\"false\">\r\n            <i aria-hidden=\"true\" class=\"fas fa-bars\"><\/i>                    <\/div>\r\n        <nav class=\"wl-nav-menu--dropdown wl-nav-menu__container\" role=\"navigation\" aria-hidden=\"true\">\r\n            <a href=\"#\" class=\"wl_close-menu\">\r\n                <span class=\"bar1\"><\/span>\r\n                <span class=\"bar3\"><\/span>\r\n            <\/a>\r\n            <div class=\"menu-menu-golden-container\"><ul id=\"menu-1-3119546\" class=\"wl-nav-menu wl-nav-menu\"><li class=\"menu-item menu-item-type-post_type menu-item-object-page menu-item-home menu-item-103164\"><a href=\"https:\/\/pastorats.lv\/\" class=\"wl-item\">S\u0101kums<\/a><\/li>\n<li class=\"menu-item menu-item-type-post_type menu-item-object-page menu-item-1033625\"><a href=\"https:\/\/pastorats.lv\/?page_id=1032811\" class=\"wl-item\">Pied\u0101v\u0101jumu p\u0101rl\u016bks<\/a><\/li>\n<li class=\"menu-item menu-item-type-post_type menu-item-object-page menu-item-1033520\"><a href=\"https:\/\/pastorats.lv\/?page_id=1033512\" class=\"wl-item\">Par mums<\/a><\/li>\n<li class=\"menu-item menu-item-type-post_type menu-item-object-page menu-item-103893\"><a href=\"https:\/\/pastorats.lv\/?page_id=103871\" class=\"wl-item\">Kontakti<\/a><\/li>\n<\/ul><\/div>        <\/nav>\r\n    <\/div>\r\n    \r\n<\/div>\t\t\t\t<\/div>\n\t\t\t\t<\/div>\n\t\t\t\t\t<\/div>\n\t\t<\/div>\n\t\t\t\t\t<\/div>\n\t\t<\/section>\n\t\t\t\t<section class=\"elementor-section elementor-top-section elementor-element elementor-element-79dca39e elementor-section-boxed elementor-section-height-default elementor-section-height-default\" data-id=\"79dca39e\" data-element_type=\"section\" data-e-type=\"section\">\n\t\t\t\t\t\t<div class=\"elementor-container elementor-column-gap-no\">\n\t\t\t\t\t<div class=\"elementor-column elementor-col-100 elementor-top-column elementor-element elementor-element-1b0ca861\" data-id=\"1b0ca861\" data-element_type=\"column\" data-e-type=\"column\">\n\t\t\t<div class=\"elementor-widget-wrap elementor-element-populated\">\n\t\t\t\t\t\t<div class=\"elementor-element elementor-element-94fd63c elementor-widget elementor-widget-eli-map\" data-id=\"94fd63c\" data-element_type=\"widget\" data-e-type=\"widget\" data-widget_type=\"eli-map.default\">\n\t\t\t\t<div class=\"elementor-widget-container\">\n\t\t\t\t\t        <div class=\"elementinvader-addons-for-elementor elementor-clickable elementor-custom-embed\" id=\"eli_156227132\">\r\n            <div class=\"eli-container\">\r\n                                        <div id=\"elementinvader_addons_for_elementor_156227132\" style=\"height:300px\" data-zoom_index=\"16\" class=\"sw_map_box elementor-custom-embed elementor-clickable\"><\/div>\r\n\r\n<style>\r\n    #elementinvader_addons_for_elementor_156227132 .wl_marker-container {\r\n        height: 38px !important;\r\n        width: 38px !important;\r\n    } \r\n<\/style>\r\n \r\n<script>\r\n        jQuery(document).ready(function($) {\r\n\r\n            var eli_geocoder;\r\n            var eli_map;\r\n            var eli_markers = [];\r\n            var eli_clustererOptions;\r\n            var eli_infowindow;\r\n\r\n            var eli_clusters ='';\r\n            var eli_jpopup_customOptions =\r\n            {\r\n            'maxWidth': 'initial',\r\n            'width': 'initial',\r\n            'className' : 'popupCustom'\r\n            }\r\n            if(eli_clusters=='')\r\n                eli_clusters = L.markerClusterGroup({spiderfyOnMaxZoom: true, showCoverageOnHover: false, zoomToBoundsOnClick: true});\r\n\r\n                eli_map = L.map('elementinvader_addons_for_elementor_156227132', {\r\n                    center: [0,0],\r\n                    zoom: 16,\r\n                    scrollWheelZoom: false,\r\n                    dragging: !L.Browser.mobile,tap: !L.Browser.mobile\r\n                });     \r\n                L.tileLayer('https:\/\/{s}.tile.openstreetmap.org\/{z}\/{x}\/{y}.png', {\r\n                    attribution: '&copy; <a href=\"https:\/\/www.openstreetmap.org\/copyright\">OpenStreetMap<\/a> contributors'\r\n                }).addTo(eli_map);\r\n                   \r\n                    var sw_style_open_street_ini = 'https:\/\/{s}.basemaps.cartocdn.com\/light_all\/{z}\/{x}\/{y}{r}.png';\r\n                    var positron = L.tileLayer(sw_style_open_street_ini).addTo(eli_map);\r\n                var innerMarker = '<div class=\"wl_marker-container\"><div class=\"front wl_face\"><i class=\"fa fa-home\"><\/i><\/div><div class=\"wl_marker-card\"><div class=\"wl_marker-arrow\"><\/div><\/div><\/div>';innerMarker = '<div class=\"wl_marker-container\"><div class=\"front wl_face\"><i class=\"fa fa-home\"><\/i><\/div><div class=\"wl_marker-card\"><div class=\"wl_marker-arrow\"><\/div><\/div><\/div>';\r\n                var marker = L.marker(\r\n                    [0, 0],\r\n                     {icon: L.divIcon({\r\n                                html: innerMarker,\r\n                                className: 'open_steet_map_marker',\r\n                                iconSize: [0, 0],\r\n                                popupAnchor: [0, -50],\r\n                                iconAnchor: [19, 61],\r\n                            })\r\n                        }  \r\n                );\r\n                eli_clusters.addLayer(marker);\r\n                eli_markers.push(marker);\r\n                eli_map.addLayer(eli_clusters);\r\n\r\n                marker.bindPopup('<div class=\"eli_infobox\"><h2 class=\"eli_infobox_title\">M\u016bsu adrese<\/h2><div class=\"eli_infobox_text\">Maz\u0101 Pils iela 6\/1a, R\u012bga, LV-1050<\/div><\/div>', eli_jpopup_customOptions).openPopup();  \r\n                    $.get('https:\/\/nominatim.openstreetmap.org\/search?format=json&q=Maz\u0101 Pils iela 6-1a, R\u012bga', function(data){\r\n                        if(typeof data[0] !='undefined'){\r\n                            marker.setLatLng([data[0].lat, data[0].lon]).update(); \r\n                            eli_map.panTo(new L.LatLng(data[0].lat, data[0].lon));\r\n                        }\r\n                    }).success(function(){marker.openPopup();});\r\n                            \/* set center *\/\r\n                            if(eli_markers.length && eli_markers.length > 1){\r\n                                var limits_center = [];\r\n                                for (var i in eli_markers) {\r\n                                    var latLngs = [ eli_markers[i].getLatLng() ];\r\n                                    limits_center.push(latLngs)\r\n                                };\r\n                                var bounds = L.latLngBounds(limits_center);\r\n                                eli_map.fitBounds(bounds);\r\n                            }\r\n                         \r\n                })\r\n            <\/script>                    <\/div>\r\n        <\/div>\r\n        \t\t\t\t<\/div>\n\t\t\t\t<\/div>\n\t\t\t\t\t<\/div>\n\t\t<\/div>\n\t\t\t\t\t<\/div>\n\t\t<\/section>\n\t\t\t\t<section class=\"elementor-section elementor-top-section elementor-element elementor-element-1baa15d6 elementor-section-boxed elementor-section-height-default elementor-section-height-default\" data-id=\"1baa15d6\" data-element_type=\"section\" data-e-type=\"section\">\n\t\t\t\t\t\t<div class=\"elementor-container elementor-column-gap-no\">\n\t\t\t\t\t<div class=\"elementor-column elementor-col-50 elementor-top-column elementor-element elementor-element-7017b866\" data-id=\"7017b866\" data-element_type=\"column\" data-e-type=\"column\">\n\t\t\t<div class=\"elementor-widget-wrap elementor-element-populated\">\n\t\t\t\t\t\t<div class=\"elementor-element elementor-element-1ff13627 elementor-widget elementor-widget-heading\" data-id=\"1ff13627\" data-element_type=\"widget\" data-e-type=\"widget\" data-widget_type=\"heading.default\">\n\t\t\t\t<div class=\"elementor-widget-container\">\n\t\t\t\t\t<h2 class=\"elementor-heading-title elementor-size-default\">SIA \"Pastor\u0101ts\"<\/h2>\t\t\t\t<\/div>\n\t\t\t\t<\/div>\n\t\t\t\t<div class=\"elementor-element elementor-element-3a6166a elementor-icon-list--layout-traditional elementor-list-item-link-full_width elementor-widget elementor-widget-icon-list\" data-id=\"3a6166a\" data-element_type=\"widget\" data-e-type=\"widget\" data-widget_type=\"icon-list.default\">\n\t\t\t\t<div class=\"elementor-widget-container\">\n\t\t\t\t\t\t\t<ul class=\"elementor-icon-list-items\">\n\t\t\t\t\t\t\t<li class=\"elementor-icon-list-item\">\n\t\t\t\t\t\t\t\t\t\t\t<span class=\"elementor-icon-list-icon\">\n\t\t\t\t\t\t\t<i aria-hidden=\"true\" class=\"fas fa-map-marker-alt\"><\/i>\t\t\t\t\t\t<\/span>\n\t\t\t\t\t\t\t\t\t\t<span class=\"elementor-icon-list-text\"><b style=\"color:#161616;font-weight:600\">Adrese<\/b>: Maz\u0101 Pils iela 6\/1a, R\u012bga, LV-1050<\/span>\n\t\t\t\t\t\t\t\t\t<\/li>\n\t\t\t\t\t\t\t\t<li class=\"elementor-icon-list-item\">\n\t\t\t\t\t\t\t\t\t\t\t<span class=\"elementor-icon-list-icon\">\n\t\t\t\t\t\t\t<i aria-hidden=\"true\" class=\"far fa-clock\"><\/i>\t\t\t\t\t\t<\/span>\n\t\t\t\t\t\t\t\t\t\t<span class=\"elementor-icon-list-text\"><b style=\"color:#161616;font-weight:600\">Darba laiks<\/b>: Darba dien\u0101s no 9.00 l\u012bdz 17.00<\/span>\n\t\t\t\t\t\t\t\t\t<\/li>\n\t\t\t\t\t\t\t\t<li class=\"elementor-icon-list-item\">\n\t\t\t\t\t\t\t\t\t\t\t<span class=\"elementor-icon-list-icon\">\n\t\t\t\t\t\t\t<i aria-hidden=\"true\" class=\"fas fa-phone-alt\"><\/i>\t\t\t\t\t\t<\/span>\n\t\t\t\t\t\t\t\t\t\t<span class=\"elementor-icon-list-text\"><b style=\"color:#161616;font-weight:600\">Telefona nr.<\/b>: +371 67224216<\/span>\n\t\t\t\t\t\t\t\t\t<\/li>\n\t\t\t\t\t\t\t\t<li class=\"elementor-icon-list-item\">\n\t\t\t\t\t\t\t\t\t\t\t<span class=\"elementor-icon-list-icon\">\n\t\t\t\t\t\t\t<i aria-hidden=\"true\" class=\"far fa-envelope\"><\/i>\t\t\t\t\t\t<\/span>\n\t\t\t\t\t\t\t\t\t\t<span class=\"elementor-icon-list-text\"><b style=\"color:#161616;font-weight:600\">E-pasts.<\/b>: info@pastorats.lv<\/span>\n\t\t\t\t\t\t\t\t\t<\/li>\n\t\t\t\t\t\t<\/ul>\n\t\t\t\t\t\t<\/div>\n\t\t\t\t<\/div>\n\t\t\t\t<div class=\"elementor-element elementor-element-e67d65e elementor-widget elementor-widget-heading\" data-id=\"e67d65e\" data-element_type=\"widget\" data-e-type=\"widget\" data-widget_type=\"heading.default\">\n\t\t\t\t<div class=\"elementor-widget-container\">\n\t\t\t\t\t<h2 class=\"elementor-heading-title elementor-size-default\">Steidzamos gad\u012bjumos<\/h2>\t\t\t\t<\/div>\n\t\t\t\t<\/div>\n\t\t\t\t<div class=\"elementor-element elementor-element-456c9e4 elementor-icon-list--layout-traditional elementor-list-item-link-full_width elementor-widget elementor-widget-icon-list\" data-id=\"456c9e4\" data-element_type=\"widget\" data-e-type=\"widget\" data-widget_type=\"icon-list.default\">\n\t\t\t\t<div class=\"elementor-widget-container\">\n\t\t\t\t\t\t\t<ul class=\"elementor-icon-list-items\">\n\t\t\t\t\t\t\t<li class=\"elementor-icon-list-item\">\n\t\t\t\t\t\t\t\t\t\t\t<span class=\"elementor-icon-list-icon\">\n\t\t\t\t\t\t\t<i aria-hidden=\"true\" class=\"fas fa-user\"><\/i>\t\t\t\t\t\t<\/span>\n\t\t\t\t\t\t\t\t\t\t<span class=\"elementor-icon-list-text\"><b style=\"color:#161616;font-weight:600\">Namu p\u0101rvaldnieks<\/b>: M\u0101ris Doze<\/span>\n\t\t\t\t\t\t\t\t\t<\/li>\n\t\t\t\t\t\t\t\t<li class=\"elementor-icon-list-item\">\n\t\t\t\t\t\t\t\t\t\t\t<span class=\"elementor-icon-list-icon\">\n\t\t\t\t\t\t\t<i aria-hidden=\"true\" class=\"fas fa-phone-alt\"><\/i>\t\t\t\t\t\t<\/span>\n\t\t\t\t\t\t\t\t\t\t<span class=\"elementor-icon-list-text\"><b style=\"color:#161616;font-weight:600\">Telefona nr.<\/b>: +371 29156104<\/span>\n\t\t\t\t\t\t\t\t\t<\/li>\n\t\t\t\t\t\t<\/ul>\n\t\t\t\t\t\t<\/div>\n\t\t\t\t<\/div>\n\t\t\t\t\t<\/div>\n\t\t<\/div>\n\t\t\t\t<div class=\"elementor-column elementor-col-50 elementor-top-column elementor-element elementor-element-1d8ac651\" data-id=\"1d8ac651\" data-element_type=\"column\" data-e-type=\"column\">\n\t\t\t<div class=\"elementor-widget-wrap elementor-element-populated\">\n\t\t\t\t\t\t<div class=\"elementor-element elementor-element-65e41aea elementor-widget elementor-widget-heading\" data-id=\"65e41aea\" data-element_type=\"widget\" data-e-type=\"widget\" data-widget_type=\"heading.default\">\n\t\t\t\t<div class=\"elementor-widget-container\">\n\t\t\t\t\t<h2 class=\"elementor-heading-title elementor-size-default\">Rekviz\u012bti<\/h2>\t\t\t\t<\/div>\n\t\t\t\t<\/div>\n\t\t\t\t<div class=\"elementor-element elementor-element-3e6096db elementor-widget elementor-widget-text-editor\" data-id=\"3e6096db\" data-element_type=\"widget\" data-e-type=\"widget\" data-widget_type=\"text-editor.default\">\n\t\t\t\t<div class=\"elementor-widget-container\">\n\t\t\t\t\t\t\t\t\t<p>SIA \u201ePastor\u0101ts\u201d<br \/>Maz\u0101 Pils iela 6\/1, R\u012bga, LV-1050<br \/>LV 40003219976<br \/>A\/S Luminor<br \/>Kods: RIKOLV2X<br \/>Konts: LV40RIKO0002013216925<\/p>\t\t\t\t\t\t\t\t<\/div>\n\t\t\t\t<\/div>\n\t\t\t\t\t<\/div>\n\t\t<\/div>\n\t\t\t\t\t<\/div>\n\t\t<\/section>\n\t\t\t\t<footer class=\"elementor-section elementor-top-section elementor-element elementor-element-4da6d2c elementor-section-boxed elementor-section-height-default elementor-section-height-default\" data-id=\"4da6d2c\" data-element_type=\"section\" data-e-type=\"section\" data-settings=\"{&quot;background_background&quot;:&quot;classic&quot;}\">\n\t\t\t\t\t\t<div class=\"elementor-container elementor-column-gap-no\">\n\t\t\t\t\t<div class=\"elementor-column elementor-col-100 elementor-top-column elementor-element elementor-element-9762514\" data-id=\"9762514\" data-element_type=\"column\" data-e-type=\"column\">\n\t\t\t<div class=\"elementor-widget-wrap elementor-element-populated\">\n\t\t\t\t\t\t<div class=\"elementor-element elementor-element-db5a6e0 elementor-widget elementor-widget-image\" data-id=\"db5a6e0\" data-element_type=\"widget\" data-e-type=\"widget\" data-widget_type=\"image.default\">\n\t\t\t\t<div class=\"elementor-widget-container\">\n\t\t\t\t\t\t\t\t\t\t\t\t\t\t\t<img fetchpriority=\"high\" decoding=\"async\" width=\"300\" height=\"300\" src=\"https:\/\/pastorats.lv\/wp-content\/uploads\/2026\/01\/cropped-ChatGPT-Image-Jan-2-2026-09_21_40-PM.png\" class=\"attachment-medium size-medium wp-image-1033697\" alt=\"\" srcset=\"https:\/\/pastorats.lv\/wp-content\/uploads\/2026\/01\/cropped-ChatGPT-Image-Jan-2-2026-09_21_40-PM.png 512w, https:\/\/pastorats.lv\/wp-content\/uploads\/2026\/01\/cropped-ChatGPT-Image-Jan-2-2026-09_21_40-PM-270x270.png 270w, https:\/\/pastorats.lv\/wp-content\/uploads\/2026\/01\/cropped-ChatGPT-Image-Jan-2-2026-09_21_40-PM-192x192.png 192w, https:\/\/pastorats.lv\/wp-content\/uploads\/2026\/01\/cropped-ChatGPT-Image-Jan-2-2026-09_21_40-PM-180x180.png 180w, https:\/\/pastorats.lv\/wp-content\/uploads\/2026\/01\/cropped-ChatGPT-Image-Jan-2-2026-09_21_40-PM-32x32.png 32w\" sizes=\"(max-width: 300px) 100vw, 300px\" \/>\t\t\t\t\t\t\t\t\t\t\t\t\t\t\t<\/div>\n\t\t\t\t<\/div>\n\t\t\t\t<div class=\"elementor-element elementor-element-6ee6f44 elementor-widget elementor-widget-text-editor\" data-id=\"6ee6f44\" data-element_type=\"widget\" data-e-type=\"widget\" data-widget_type=\"text-editor.default\">\n\t\t\t\t<div class=\"elementor-widget-container\">\n\t\t\t\t\t\t\t\t\t<p>SIA &#8220;Pastor\u0101ts&#8221;<\/p>\t\t\t\t\t\t\t\t<\/div>\n\t\t\t\t<\/div>\n\t\t\t\t<div class=\"elementor-element elementor-element-2880533 elementor-widget elementor-widget-text-editor\" data-id=\"2880533\" data-element_type=\"widget\" data-e-type=\"widget\" data-widget_type=\"text-editor.default\">\n\t\t\t\t<div class=\"elementor-widget-container\">\n\t\t\t\t\t\t\t\t\t<p>Latvijas Evan\u0123\u0113liski luterisk\u0101s bazn\u012bcas nekustamo \u012bpa\u0161umu apsaimniekot\u0101js<\/p>\t\t\t\t\t\t\t\t<\/div>\n\t\t\t\t<\/div>\n\t\t\t\t<div class=\"elementor-element elementor-element-c8e9a11 elementor-list-item-link-inline elementor-mobile-align-center elementor-align-center elementor-icon-list--layout-traditional elementor-widget elementor-widget-icon-list\" data-id=\"c8e9a11\" data-element_type=\"widget\" data-e-type=\"widget\" data-widget_type=\"icon-list.default\">\n\t\t\t\t<div class=\"elementor-widget-container\">\n\t\t\t\t\t\t\t<ul class=\"elementor-icon-list-items\">\n\t\t\t\t\t\t\t<li class=\"elementor-icon-list-item\">\n\t\t\t\t\t\t\t\t\t\t\t<span class=\"elementor-icon-list-icon\">\n\t\t\t\t\t\t\t<i aria-hidden=\"true\" class=\"fas fa-phone-alt\"><\/i>\t\t\t\t\t\t<\/span>\n\t\t\t\t\t\t\t\t\t\t<span class=\"elementor-icon-list-text\"> (+371) 67224216<\/span>\n\t\t\t\t\t\t\t\t\t<\/li>\n\t\t\t\t\t\t\t\t<li class=\"elementor-icon-list-item\">\n\t\t\t\t\t\t\t\t\t\t\t<span class=\"elementor-icon-list-icon\">\n\t\t\t\t\t\t\t<i aria-hidden=\"true\" class=\"far fa-envelope\"><\/i>\t\t\t\t\t\t<\/span>\n\t\t\t\t\t\t\t\t\t\t<span class=\"elementor-icon-list-text\">info@pastorats.lv<\/span>\n\t\t\t\t\t\t\t\t\t<\/li>\n\t\t\t\t\t\t<\/ul>\n\t\t\t\t\t\t<\/div>\n\t\t\t\t<\/div>\n\t\t\t\t\t<\/div>\n\t\t<\/div>\n\t\t\t\t\t<\/div>\n\t\t<\/footer>\n\t\t\t\t<section class=\"elementor-section elementor-top-section elementor-element elementor-element-9244cd6 elementor-section-boxed elementor-section-height-default elementor-section-height-default\" data-id=\"9244cd6\" data-element_type=\"section\" data-e-type=\"section\" data-settings=\"{&quot;background_background&quot;:&quot;classic&quot;}\">\n\t\t\t\t\t\t<div class=\"elementor-container elementor-column-gap-no\">\n\t\t\t\t\t<div class=\"elementor-column elementor-col-100 elementor-top-column elementor-element elementor-element-68c35c3\" data-id=\"68c35c3\" data-element_type=\"column\" data-e-type=\"column\">\n\t\t\t<div class=\"elementor-widget-wrap elementor-element-populated\">\n\t\t\t\t\t\t<section class=\"elementor-section elementor-inner-section elementor-element elementor-element-2433e9b elementor-section-boxed elementor-section-height-default elementor-section-height-default\" data-id=\"2433e9b\" data-element_type=\"section\" data-e-type=\"section\">\n\t\t\t\t\t\t<div class=\"elementor-container elementor-column-gap-default\">\n\t\t\t\t\t<div class=\"elementor-column elementor-col-50 elementor-inner-column elementor-element elementor-element-7cc5b66\" data-id=\"7cc5b66\" data-element_type=\"column\" data-e-type=\"column\">\n\t\t\t<div class=\"elementor-widget-wrap elementor-element-populated\">\n\t\t\t\t\t\t<div class=\"elementor-element elementor-element-d3d88b1 elementor-widget elementor-widget-heading\" data-id=\"d3d88b1\" data-element_type=\"widget\" data-e-type=\"widget\" data-widget_type=\"heading.default\">\n\t\t\t\t<div class=\"elementor-widget-container\">\n\t\t\t\t\t<div class=\"elementor-heading-title elementor-size-default\">\u00a9 2025<\/div>\t\t\t\t<\/div>\n\t\t\t\t<\/div>\n\t\t\t\t\t<\/div>\n\t\t<\/div>\n\t\t\t\t<div class=\"elementor-column elementor-col-50 elementor-inner-column elementor-element elementor-element-6f04d58\" data-id=\"6f04d58\" data-element_type=\"column\" data-e-type=\"column\">\n\t\t\t<div class=\"elementor-widget-wrap elementor-element-populated\">\n\t\t\t\t\t\t<div class=\"elementor-element elementor-element-1179e55 elementor-widget elementor-widget-heading\" data-id=\"1179e55\" data-element_type=\"widget\" data-e-type=\"widget\" data-widget_type=\"heading.default\">\n\t\t\t\t<div class=\"elementor-widget-container\">\n\t\t\t\t\t<div class=\"elementor-heading-title elementor-size-default\">SIA Pastor\u0101ts<\/div>\t\t\t\t<\/div>\n\t\t\t\t<\/div>\n\t\t\t\t\t<\/div>\n\t\t<\/div>\n\t\t\t\t\t<\/div>\n\t\t<\/section>\n\t\t\t\t\t<\/div>\n\t\t<\/div>\n\t\t\t\t\t<\/div>\n\t\t<\/section>\n\t\t\t\t<\/div>\n\t\t","protected":false},"excerpt":{"rendered":"<p>S\u0101kums Pied\u0101v\u0101jumu p\u0101rl\u016bks Par mums Kontakti S\u0101kums Pied\u0101v\u0101jumu p\u0101rl\u016bks Par mums Kontakti SIA &#8220;Pastor\u0101ts&#8221; Adrese: Maz\u0101 Pils iela 6\/1a, R\u012bga, LV-1050 Darba laiks: Darba dien\u0101s no 9.00 l\u012bdz 17.00 Telefona nr.: +371 67224216 E-pasts.: info@pastorats.lv Steidzamos gad\u012bjumos Namu p\u0101rvaldnieks: M\u0101ris Doze Telefona nr.: +371 29156104 Rekviz\u012bti SIA \u201ePastor\u0101ts\u201dMaz\u0101 Pils iela 6\/1, R\u012bga, LV-1050LV 40003219976A\/S LuminorKods: [&hellip;]<\/p>\n","protected":false},"author":1,"featured_media":0,"parent":0,"menu_order":0,"comment_status":"closed","ping_status":"closed","template":"elementor_canvas","meta":{"footnotes":""},"class_list":["post-103871","page","type-page","status-publish","hentry"],"_links":{"self":[{"href":"https:\/\/pastorats.lv\/index.php?rest_route=\/wp\/v2\/pages\/103871","targetHints":{"allow":["GET"]}}],"collection":[{"href":"https:\/\/pastorats.lv\/index.php?rest_route=\/wp\/v2\/pages"}],"about":[{"href":"https:\/\/pastorats.lv\/index.php?rest_route=\/wp\/v2\/types\/page"}],"author":[{"embeddable":true,"href":"https:\/\/pastorats.lv\/index.php?rest_route=\/wp\/v2\/users\/1"}],"replies":[{"embeddable":true,"href":"https:\/\/pastorats.lv\/index.php?rest_route=%2Fwp%2Fv2%2Fcomments&post=103871"}],"version-history":[{"count":32,"href":"https:\/\/pastorats.lv\/index.php?rest_route=\/wp\/v2\/pages\/103871\/revisions"}],"predecessor-version":[{"id":1033803,"href":"https:\/\/pastorats.lv\/index.php?rest_route=\/wp\/v2\/pages\/103871\/revisions\/1033803"}],"wp:attachment":[{"href":"https:\/\/pastorats.lv\/index.php?rest_route=%2Fwp%2Fv2%2Fmedia&parent=103871"}],"curies":[{"name":"wp","href":"https:\/\/api.w.org\/{rel}","templated":true}]}}